{"id":3973,"date":"2025-03-26T15:26:11","date_gmt":"2025-03-26T07:26:11","guid":{"rendered":"https:\/\/www.seemrich.com\/product\/bolsas-dupont-premium-bolsas-de-la-compra-duraderas-impermeables-y-reutilizables\/"},"modified":"2025-10-16T15:29:35","modified_gmt":"2025-10-16T07:29:35","slug":"bolsas-dupont-premium-bolsas-de-la-compra-duraderas-impermeables-y-reutilizables","status":"publish","type":"product","link":"https:\/\/www.seemrich.com\/es\/producto\/bolsas-dupont-premium-bolsas-de-la-compra-duraderas-impermeables-y-reutilizables\/","title":{"rendered":"Bolsas DuPont Premium | Bolsas de la compra duraderas, impermeables y reutilizables"},"content":{"rendered":"<h4><strong>\u00bfPor qu\u00e9 elegir las bolsas DuPont?<\/strong><\/h4>\n<p>Cuando buscas una alternativa fiable a las bolsas de pl\u00e1stico, <strong>las bolsas DuPont<\/strong> destacan como la mejor opci\u00f3n. Gracias a su <strong>construcci\u00f3n de polipropileno no tejido (NWPP) de alta calidad<\/strong>, estas bolsas combinan <a href=\"https:\/\/www.seemrich.com\/es\/bolsas-dupont\/\" target=\"_blank\" rel=\"noopener\">una durabilidad<\/a> excepcional con una comodidad ligera.<\/p>\n<h4><strong><a href=\"https:\/\/www.seemrich.com\/dupont-bags-the-ultimate-eco-friendly-and-customizable-solution-for-you\/\" target=\"_blank\" rel=\"noopener\">Beneficios<\/a> clave:<\/strong><\/h4>\n<p>\u2705 <strong>Impermeables y resistentes al desgarro<\/strong> &#8211; A diferencia de las bolsas de tela normales, estas bolsas tote repelen el agua a la vez que resisten el desgaste, por lo que son ideales para la compra, los viajes a la playa y el uso al aire libre.<br \/>\n\u2705 <strong>Ecol\u00f3gicas y reutilizables<\/strong> &#8211; Dise\u00f1adas para durar, estas bolsas lavables ayudan a reducir los residuos de pl\u00e1stico ofreciendo cientos de usos.<br \/>\n\u2705 O <strong>portunidades de marca<\/strong>: con su superficie lisa, estas bolsas permiten una impresi\u00f3n de alta calidad, perfecta para logotipos o dise\u00f1os promocionales.<br \/>\n\u2705 <strong>Compactas pero resistentes<\/strong> &#8211; Aunque son ligeras y plegables, sujetan con fiabilidad objetos pesados sin comprometer su resistencia.<\/p>\n<h4><strong>Aplicaciones vers\u00e1tiles:<\/strong><\/h4>\n<ul>\n<li><strong>Para la compra y los comestibles<\/strong>: Su estructura reforzada soporta f\u00e1cilmente cargas pesadas.<\/li>\n<li><strong>Viajes y uso al aire libre<\/strong>: El material impermeable mantiene seco el contenido durante los viajes a la playa o los desplazamientos con lluvia.<\/li>\n<li><strong>Marketing y promociones<\/strong>: Las empresas los aprecian como obsequios de marca rentables.<\/li>\n<li><strong>Eventos corporativos<\/strong>: Su aspecto profesional las hace ideales para ferias y conferencias.<\/li>\n<\/ul>\n<h4><strong>Personalizaci\u00f3n y pedidos al por mayor<\/strong><\/h4>\n<p>Para satisfacer necesidades diversas, ofrecemos varios <strong>tama\u00f1os, colores y estilos de asas<\/strong>. Adem\u00e1s, los pedidos al por mayor tienen precios al por mayor, lo que supone una forma asequible de aumentar la visibilidad de tu marca.<\/p>\n<p>Al elegir las <strong>bolsas DuPont<\/strong>, no s\u00f3lo est\u00e1s comprando un producto: est\u00e1s invirtiendo en sostenibilidad, <a href=\"https:\/\/youtu.be\/zeQ-dzrY5TU?si=U0LJBrKxwsKVLAVU\" target=\"_blank\" rel=\"noopener\">durabilidad<\/a> y marketing inteligente. \u00a1\u00danete a los innumerables clientes satisfechos que conf\u00edan en estas bolsas para su uso cotidiano y comercial!<\/p>\n<h3 id=\"key-attributes\" class=\"att-title\" data-spm-anchor-id=\"a2700.details.0.i82.446b308bUz0Txk\">Atributos clave:<\/h3>\n<table style=\"width: 100%; border-collapse: collapse; border: 1px solid black;\">\n<colgroup>\n<col style=\"width: 30%;\" \/>\n<col style=\"width: 70%;\" \/><\/colgroup>\n<tbody>\n<tr>\n<th style=\"border: 1px solid black; padding: 8px; text-align: left; background-color: #f7f7f7;\">Material<\/th>\n<th style=\"border: 1px solid black; padding: 8px; text-align: left;\">Dupont<\/th>\n<\/tr>\n<tr>\n<td style=\"border: 1px solid black; padding: 8px; background-color: #f7f7f7;\">Nombre del producto<\/td>\n<td style=\"border: 1px solid black; padding: 8px;\">Bolsas Dupont<\/td>\n<\/tr>\n<tr>\n<td style=\"border: 1px solid black; padding: 8px; background-color: #f7f7f7;\">MOQ<\/td>\n<td style=\"border: 1px solid black; padding: 8px;\">5000 unidades<\/td>\n<\/tr>\n<tr>\n<td style=\"border: 1px solid black; padding: 8px; background-color: #f7f7f7;\">Tipo de estampado<\/td>\n<td style=\"border: 1px solid black; padding: 8px;\">Estampados personalizados<\/td>\n<\/tr>\n<tr>\n<td style=\"border: 1px solid black; padding: 8px; background-color: #f7f7f7;\">Tama\u00f1o<\/td>\n<td style=\"border: 1px solid black; padding: 8px;\">Mediana (30-50 cm)<\/td>\n<\/tr>\n<tr>\n<td style=\"border: 1px solid black; padding: 8px; background-color: #f7f7f7;\">Logotipo<\/td>\n<td style=\"border: 1px solid black; padding: 8px;\">Aceptar logotipo personalizado<\/td>\n<\/tr>\n<tr>\n<td style=\"border: 1px solid black; padding: 8px; background-color: #f7f7f7;\">Impresi\u00f3n<\/td>\n<td style=\"border: 1px solid black; padding: 8px;\">Serigraf\u00eda, Transferencia t\u00e9rmica, Sublimaci\u00f3n, CMYK<\/td>\n<\/tr>\n<tr>\n<td style=\"border: 1px solid black; padding: 8px; background-color: #f7f7f7;\">Uso<\/td>\n<td style=\"border: 1px solid black; padding: 8px;\">bolsa promocional, bolsa de regalo, bolsa de la compra<\/td>\n<\/tr>\n<tr>\n<td style=\"border: 1px solid black; padding: 8px; background-color: #f7f7f7;\">Embalaje<\/td>\n<td style=\"border: 1px solid black; padding: 8px;\">200 ud\/ctn o seg\u00fan tus necesidades<\/td>\n<\/tr>\n<tr>\n<td style=\"border: 1px solid black; padding: 8px; background-color: #f7f7f7;\">Puerto<\/td>\n<td style=\"border: 1px solid black; padding: 8px;\">Ningbo o Shanghai<\/td>\n<\/tr>\n<tr>\n<td style=\"border: 1px solid black; padding: 8px; background-color: #f7f7f7;\">Marca<\/td>\n<td style=\"border: 1px solid black; padding: 8px;\">Seemrich<\/td>\n<\/tr>\n<tr>\n<td style=\"border: 1px solid black; padding: 8px; background-color: #f7f7f7;\">Lugar de origen<\/td>\n<td style=\"border: 1px solid black; padding: 8px;\">Zhejiang, China<\/td>\n<\/tr>\n<tr>\n<td style=\"border: 1px solid black; padding: 8px; background-color: #f7f7f7;\">Capacidad de suministro<\/td>\n<td style=\"border: 1px solid black; padding: 8px;\">800000 Piezas\/Piezas al Mes<\/td>\n<\/tr>\n<\/tbody>\n<\/table>\n","protected":false},"excerpt":{"rendered":"<p>P\u00e1sate a las <strong>bolsas DuPont<\/strong>: la soluci\u00f3n definitiva para hacer la compra <strong>, impermeable, duradera y reutilizable<\/strong>. Fabricadas con tejido no tejido de alta calidad, las <strong>bolsas Du<\/strong> Pont son perfectas para consumidores y empresas con conciencia ecol\u00f3gica.<\/p>\n","protected":false},"featured_media":3391,"template":"","meta":{"_kadence_starter_templates_imported_post":false,"_kad_post_transparent":"default","_kad_post_title":"","_kad_post_layout":"default","_kad_post_sidebar_id":"","_kad_post_content_style":"default","_kad_post_vertical_padding":"default","_kad_post_feature":"","_kad_post_feature_position":"","_kad_post_header":false,"_kad_post_footer":false},"product_brand":[],"product_cat":[101],"product_tag":[],"class_list":{"0":"post-3973","1":"product","2":"type-product","3":"status-publish","4":"has-post-thumbnail","6":"product_cat-otras-bolsas-reutilizables","8":"first","9":"instock","10":"shipping-taxable","11":"product-type-simple","12":"entry","13":"content-bg","14":"loop-entry"},"yoast_head":"<!-- This site is optimized with the Yoast SEO plugin v27.4 - https:\/\/yoast.com\/product\/yoast-seo-wordpress\/ -->\n<title>Bolsas DuPont - Bolsas resistentes, impermeables y ecol\u00f3gicas<\/title>\n<meta name=\"description\" content=\"Compra bolsas DuPont de alta calidad: impermeables, resistentes al desgarro y ecol\u00f3gicas. Perfectas para compras, viajes y promociones. Se pueden personalizar y hacer pedidos al por mayor.\" \/>\n<meta name=\"robots\" content=\"index, follow, max-snippet:-1, max-image-preview:large, max-video-preview:-1\" \/>\n<link rel=\"canonical\" href=\"https:\/\/www.seemrich.com\/es\/producto\/bolsas-dupont-premium-bolsas-de-la-compra-duraderas-impermeables-y-reutilizables\/\" \/>\n<meta property=\"og:locale\" content=\"es_ES\" \/>\n<meta property=\"og:type\" content=\"article\" \/>\n<meta property=\"og:title\" content=\"Bolsas DuPont - Bolsas resistentes, impermeables y ecol\u00f3gicas\" \/>\n<meta property=\"og:description\" content=\"Compra bolsas DuPont de alta calidad: impermeables, resistentes al desgarro y ecol\u00f3gicas. Perfectas para compras, viajes y promociones. Se pueden personalizar y hacer pedidos al por mayor.\" \/>\n<meta property=\"og:url\" content=\"https:\/\/www.seemrich.com\/es\/producto\/bolsas-dupont-premium-bolsas-de-la-compra-duraderas-impermeables-y-reutilizables\/\" \/>\n<meta property=\"og:site_name\" content=\"Seemrich: Nonwoven Fabric &amp; Reusable Bags Manufacturer with Custom Printing\" \/>\n<meta property=\"article:publisher\" content=\"https:\/\/www.facebook.com\/bagsupplier86\" \/>\n<meta property=\"article:modified_time\" content=\"2025-10-16T07:29:35+00:00\" \/>\n<meta property=\"og:image\" content=\"https:\/\/www.seemrich.com\/wp-content\/uploads\/2025\/03\/250303.png\" \/>\n\t<meta property=\"og:image:width\" content=\"800\" \/>\n\t<meta property=\"og:image:height\" content=\"800\" \/>\n\t<meta property=\"og:image:type\" content=\"image\/png\" \/>\n<meta name=\"twitter:card\" content=\"summary_large_image\" \/>\n<meta name=\"twitter:label1\" content=\"Tiempo de lectura\" \/>\n\t<meta name=\"twitter:data1\" content=\"2 minutos\" \/>\n<script type=\"application\/ld+json\" class=\"yoast-schema-graph\">{\"@context\":\"https:\\\/\\\/schema.org\",\"@graph\":[{\"@type\":\"WebPage\",\"@id\":\"https:\\\/\\\/www.seemrich.com\\\/es\\\/producto\\\/bolsas-dupont-premium-bolsas-de-la-compra-duraderas-impermeables-y-reutilizables\\\/\",\"url\":\"https:\\\/\\\/www.seemrich.com\\\/es\\\/producto\\\/bolsas-dupont-premium-bolsas-de-la-compra-duraderas-impermeables-y-reutilizables\\\/\",\"name\":\"Bolsas DuPont - Bolsas resistentes, impermeables y ecol\u00f3gicas\",\"isPartOf\":{\"@id\":\"https:\\\/\\\/www.seemrich.com\\\/#website\"},\"primaryImageOfPage\":{\"@id\":\"https:\\\/\\\/www.seemrich.com\\\/es\\\/producto\\\/bolsas-dupont-premium-bolsas-de-la-compra-duraderas-impermeables-y-reutilizables\\\/#primaryimage\"},\"image\":{\"@id\":\"https:\\\/\\\/www.seemrich.com\\\/es\\\/producto\\\/bolsas-dupont-premium-bolsas-de-la-compra-duraderas-impermeables-y-reutilizables\\\/#primaryimage\"},\"thumbnailUrl\":\"https:\\\/\\\/www.seemrich.com\\\/wp-content\\\/uploads\\\/2025\\\/03\\\/250303.png\",\"datePublished\":\"2025-03-26T07:26:11+00:00\",\"dateModified\":\"2025-10-16T07:29:35+00:00\",\"description\":\"Compra bolsas DuPont de alta calidad: impermeables, resistentes al desgarro y ecol\u00f3gicas. Perfectas para compras, viajes y promociones. Se pueden personalizar y hacer pedidos al por mayor.\",\"breadcrumb\":{\"@id\":\"https:\\\/\\\/www.seemrich.com\\\/es\\\/producto\\\/bolsas-dupont-premium-bolsas-de-la-compra-duraderas-impermeables-y-reutilizables\\\/#breadcrumb\"},\"inLanguage\":\"es\",\"potentialAction\":[{\"@type\":\"ReadAction\",\"target\":[\"https:\\\/\\\/www.seemrich.com\\\/es\\\/producto\\\/bolsas-dupont-premium-bolsas-de-la-compra-duraderas-impermeables-y-reutilizables\\\/\"]}]},{\"@type\":\"ImageObject\",\"inLanguage\":\"es\",\"@id\":\"https:\\\/\\\/www.seemrich.com\\\/es\\\/producto\\\/bolsas-dupont-premium-bolsas-de-la-compra-duraderas-impermeables-y-reutilizables\\\/#primaryimage\",\"url\":\"https:\\\/\\\/www.seemrich.com\\\/wp-content\\\/uploads\\\/2025\\\/03\\\/250303.png\",\"contentUrl\":\"https:\\\/\\\/www.seemrich.com\\\/wp-content\\\/uploads\\\/2025\\\/03\\\/250303.png\",\"width\":800,\"height\":800,\"caption\":\"bolsas dupont\"},{\"@type\":\"BreadcrumbList\",\"@id\":\"https:\\\/\\\/www.seemrich.com\\\/es\\\/producto\\\/bolsas-dupont-premium-bolsas-de-la-compra-duraderas-impermeables-y-reutilizables\\\/#breadcrumb\",\"itemListElement\":[{\"@type\":\"ListItem\",\"position\":1,\"name\":\"\u9996\u9875\",\"item\":\"https:\\\/\\\/www.seemrich.com\\\/es\\\/inicio\\\/\"},{\"@type\":\"ListItem\",\"position\":2,\"name\":\"Producto\",\"item\":\"https:\\\/\\\/www.seemrich.com\\\/es\\\/producto\\\/\"},{\"@type\":\"ListItem\",\"position\":3,\"name\":\"Bolsas DuPont Premium | Bolsas de la compra duraderas, impermeables y reutilizables\"}]},{\"@type\":\"WebSite\",\"@id\":\"https:\\\/\\\/www.seemrich.com\\\/#website\",\"url\":\"https:\\\/\\\/www.seemrich.com\\\/\",\"name\":\"Seemrich: Nonwoven Fabric & Reusable Bags Manufacturer with Custom Printing\",\"description\":\"\",\"publisher\":{\"@id\":\"https:\\\/\\\/www.seemrich.com\\\/#organization\"},\"potentialAction\":[{\"@type\":\"SearchAction\",\"target\":{\"@type\":\"EntryPoint\",\"urlTemplate\":\"https:\\\/\\\/www.seemrich.com\\\/?s={search_term_string}\"},\"query-input\":{\"@type\":\"PropertyValueSpecification\",\"valueRequired\":true,\"valueName\":\"search_term_string\"}}],\"inLanguage\":\"es\"},{\"@type\":\"Organization\",\"@id\":\"https:\\\/\\\/www.seemrich.com\\\/#organization\",\"name\":\"Seemrich: Nonwoven Fabric & Reusable Bags Manufacturer with Custom Printing\",\"url\":\"https:\\\/\\\/www.seemrich.com\\\/\",\"logo\":{\"@type\":\"ImageObject\",\"inLanguage\":\"es\",\"@id\":\"https:\\\/\\\/www.seemrich.com\\\/#\\\/schema\\\/logo\\\/image\\\/\",\"url\":\"https:\\\/\\\/www.seemrich.com\\\/wp-content\\\/uploads\\\/2025\\\/03\\\/SeemRich-logo.jpg\",\"contentUrl\":\"https:\\\/\\\/www.seemrich.com\\\/wp-content\\\/uploads\\\/2025\\\/03\\\/SeemRich-logo.jpg\",\"width\":500,\"height\":100,\"caption\":\"Seemrich: Nonwoven Fabric & Reusable Bags Manufacturer with Custom Printing\"},\"image\":{\"@id\":\"https:\\\/\\\/www.seemrich.com\\\/#\\\/schema\\\/logo\\\/image\\\/\"},\"sameAs\":[\"https:\\\/\\\/www.facebook.com\\\/bagsupplier86\"]}]}<\/script>\n<!-- \/ Yoast SEO plugin. -->","yoast_head_json":{"title":"Bolsas DuPont - Bolsas resistentes, impermeables y ecol\u00f3gicas","description":"Compra bolsas DuPont de alta calidad: impermeables, resistentes al desgarro y ecol\u00f3gicas. Perfectas para compras, viajes y promociones. Se pueden personalizar y hacer pedidos al por mayor.","robots":{"index":"index","follow":"follow","max-snippet":"max-snippet:-1","max-image-preview":"max-image-preview:large","max-video-preview":"max-video-preview:-1"},"canonical":"https:\/\/www.seemrich.com\/es\/producto\/bolsas-dupont-premium-bolsas-de-la-compra-duraderas-impermeables-y-reutilizables\/","og_locale":"es_ES","og_type":"article","og_title":"Bolsas DuPont - Bolsas resistentes, impermeables y ecol\u00f3gicas","og_description":"Compra bolsas DuPont de alta calidad: impermeables, resistentes al desgarro y ecol\u00f3gicas. Perfectas para compras, viajes y promociones. Se pueden personalizar y hacer pedidos al por mayor.","og_url":"https:\/\/www.seemrich.com\/es\/producto\/bolsas-dupont-premium-bolsas-de-la-compra-duraderas-impermeables-y-reutilizables\/","og_site_name":"Seemrich: Nonwoven Fabric &amp; Reusable Bags Manufacturer with Custom Printing","article_publisher":"https:\/\/www.facebook.com\/bagsupplier86","article_modified_time":"2025-10-16T07:29:35+00:00","og_image":[{"width":800,"height":800,"url":"https:\/\/www.seemrich.com\/wp-content\/uploads\/2025\/03\/250303.png","type":"image\/png"}],"twitter_card":"summary_large_image","twitter_misc":{"Tiempo de lectura":"2 minutos"},"schema":{"@context":"https:\/\/schema.org","@graph":[{"@type":"WebPage","@id":"https:\/\/www.seemrich.com\/es\/producto\/bolsas-dupont-premium-bolsas-de-la-compra-duraderas-impermeables-y-reutilizables\/","url":"https:\/\/www.seemrich.com\/es\/producto\/bolsas-dupont-premium-bolsas-de-la-compra-duraderas-impermeables-y-reutilizables\/","name":"Bolsas DuPont - Bolsas resistentes, impermeables y ecol\u00f3gicas","isPartOf":{"@id":"https:\/\/www.seemrich.com\/#website"},"primaryImageOfPage":{"@id":"https:\/\/www.seemrich.com\/es\/producto\/bolsas-dupont-premium-bolsas-de-la-compra-duraderas-impermeables-y-reutilizables\/#primaryimage"},"image":{"@id":"https:\/\/www.seemrich.com\/es\/producto\/bolsas-dupont-premium-bolsas-de-la-compra-duraderas-impermeables-y-reutilizables\/#primaryimage"},"thumbnailUrl":"https:\/\/www.seemrich.com\/wp-content\/uploads\/2025\/03\/250303.png","datePublished":"2025-03-26T07:26:11+00:00","dateModified":"2025-10-16T07:29:35+00:00","description":"Compra bolsas DuPont de alta calidad: impermeables, resistentes al desgarro y ecol\u00f3gicas. Perfectas para compras, viajes y promociones. Se pueden personalizar y hacer pedidos al por mayor.","breadcrumb":{"@id":"https:\/\/www.seemrich.com\/es\/producto\/bolsas-dupont-premium-bolsas-de-la-compra-duraderas-impermeables-y-reutilizables\/#breadcrumb"},"inLanguage":"es","potentialAction":[{"@type":"ReadAction","target":["https:\/\/www.seemrich.com\/es\/producto\/bolsas-dupont-premium-bolsas-de-la-compra-duraderas-impermeables-y-reutilizables\/"]}]},{"@type":"ImageObject","inLanguage":"es","@id":"https:\/\/www.seemrich.com\/es\/producto\/bolsas-dupont-premium-bolsas-de-la-compra-duraderas-impermeables-y-reutilizables\/#primaryimage","url":"https:\/\/www.seemrich.com\/wp-content\/uploads\/2025\/03\/250303.png","contentUrl":"https:\/\/www.seemrich.com\/wp-content\/uploads\/2025\/03\/250303.png","width":800,"height":800,"caption":"bolsas dupont"},{"@type":"BreadcrumbList","@id":"https:\/\/www.seemrich.com\/es\/producto\/bolsas-dupont-premium-bolsas-de-la-compra-duraderas-impermeables-y-reutilizables\/#breadcrumb","itemListElement":[{"@type":"ListItem","position":1,"name":"\u9996\u9875","item":"https:\/\/www.seemrich.com\/es\/inicio\/"},{"@type":"ListItem","position":2,"name":"Producto","item":"https:\/\/www.seemrich.com\/es\/producto\/"},{"@type":"ListItem","position":3,"name":"Bolsas DuPont Premium | Bolsas de la compra duraderas, impermeables y reutilizables"}]},{"@type":"WebSite","@id":"https:\/\/www.seemrich.com\/#website","url":"https:\/\/www.seemrich.com\/","name":"Seemrich: Nonwoven Fabric & Reusable Bags Manufacturer with Custom Printing","description":"","publisher":{"@id":"https:\/\/www.seemrich.com\/#organization"},"potentialAction":[{"@type":"SearchAction","target":{"@type":"EntryPoint","urlTemplate":"https:\/\/www.seemrich.com\/?s={search_term_string}"},"query-input":{"@type":"PropertyValueSpecification","valueRequired":true,"valueName":"search_term_string"}}],"inLanguage":"es"},{"@type":"Organization","@id":"https:\/\/www.seemrich.com\/#organization","name":"Seemrich: Nonwoven Fabric & Reusable Bags Manufacturer with Custom Printing","url":"https:\/\/www.seemrich.com\/","logo":{"@type":"ImageObject","inLanguage":"es","@id":"https:\/\/www.seemrich.com\/#\/schema\/logo\/image\/","url":"https:\/\/www.seemrich.com\/wp-content\/uploads\/2025\/03\/SeemRich-logo.jpg","contentUrl":"https:\/\/www.seemrich.com\/wp-content\/uploads\/2025\/03\/SeemRich-logo.jpg","width":500,"height":100,"caption":"Seemrich: Nonwoven Fabric & Reusable Bags Manufacturer with Custom Printing"},"image":{"@id":"https:\/\/www.seemrich.com\/#\/schema\/logo\/image\/"},"sameAs":["https:\/\/www.facebook.com\/bagsupplier86"]}]}},"_links":{"self":[{"href":"https:\/\/www.seemrich.com\/es\/wp-json\/wp\/v2\/product\/3973","targetHints":{"allow":["GET"]}}],"collection":[{"href":"https:\/\/www.seemrich.com\/es\/wp-json\/wp\/v2\/product"}],"about":[{"href":"https:\/\/www.seemrich.com\/es\/wp-json\/wp\/v2\/types\/product"}],"wp:featuredmedia":[{"embeddable":true,"href":"https:\/\/www.seemrich.com\/es\/wp-json\/wp\/v2\/media\/3391"}],"wp:attachment":[{"href":"https:\/\/www.seemrich.com\/es\/wp-json\/wp\/v2\/media?parent=3973"}],"wp:term":[{"taxonomy":"product_brand","embeddable":true,"href":"https:\/\/www.seemrich.com\/es\/wp-json\/wp\/v2\/product_brand?post=3973"},{"taxonomy":"product_cat","embeddable":true,"href":"https:\/\/www.seemrich.com\/es\/wp-json\/wp\/v2\/product_cat?post=3973"},{"taxonomy":"product_tag","embeddable":true,"href":"https:\/\/www.seemrich.com\/es\/wp-json\/wp\/v2\/product_tag?post=3973"}],"curies":[{"name":"wp","href":"https:\/\/api.w.org\/{rel}","templated":true}]}}