{"id":3979,"date":"2025-03-15T16:28:35","date_gmt":"2025-03-15T08:28:35","guid":{"rendered":"https:\/\/www.seemrich.com\/product\/bolsas-de-lona-bolsas-de-la-compra-reutilizables-duraderas-ecologicas-y-con-estilo\/"},"modified":"2025-10-16T16:10:30","modified_gmt":"2025-10-16T08:10:30","slug":"bolsas-de-lona-bolsas-de-la-compra-reutilizables-duraderas-ecologicas-y-con-estilo","status":"publish","type":"product","link":"https:\/\/www.seemrich.com\/es\/producto\/bolsas-de-lona-bolsas-de-la-compra-reutilizables-duraderas-ecologicas-y-con-estilo\/","title":{"rendered":"Bolsas de lona &#8211; Bolsas de la compra reutilizables, duraderas, ecol\u00f3gicas y con estilo"},"content":{"rendered":"<p>Te presentamos nuestras bolsas de lona de primera calidad, la combinaci\u00f3n perfecta de funcionalidad, durabilidad y estilo. Dise\u00f1adas para personas con conciencia ecol\u00f3gica, estas bolsas reutilizables est\u00e1n fabricadas con materiales sostenibles de alta calidad, lo que las convierte en una alternativa ecol\u00f3gica a las bolsas de pl\u00e1stico de un solo uso.<\/p>\n<p>Nuestras bolsas de lona est\u00e1n hechas para durar, con asas reforzadas y costuras resistentes para garantizar que puedan transportar cargas pesadas con facilidad. Tanto si vas al supermercado, a la playa o a la oficina, estas bolsas ofrecen un amplio espacio para todos tus objetos esenciales. Su dise\u00f1o minimalista pero elegante las hace lo bastante vers\u00e1tiles para complementar cualquier atuendo u ocasi\u00f3n.<\/p>\n<p>Adem\u00e1s de ser pr\u00e1cticas, estas <a href=\"https:\/\/www.seemrich.com\/es\/product-category\/bolsa-reutilizable\/\" target=\"_blank\" rel=\"noopener\">bolsas de tela<\/a> son f\u00e1ciles de limpiar y mantener, lo que garantiza su frescura y funcionalidad durante a\u00f1os. Al elegir nuestras bolsas de lona, no s\u00f3lo reduces los residuos de pl\u00e1stico, sino que tambi\u00e9n manifiestas tu compromiso con la sostenibilidad.<\/p>\n<p>Estas bolsas son ligeras, plegables y f\u00e1ciles de guardar, y resultan perfectas para compradores ecol\u00f3gicos, viajeros o cualquiera que busque un bolso de mano fiable y con estilo. Tambi\u00e9n <a href=\"https:\/\/youtu.be\/NX-9ug0NZQE?si=y4ZmdLwsaUyAYcSI\" target=\"_blank\" rel=\"noopener\">son un regalo excelente<\/a> para amigos y familiares que valoran la sostenibilidad y la practicidad.<\/p>\n<h3 id=\"key-attributes\" class=\"att-title\" data-spm-anchor-id=\"a2700.details.0.i82.446b308bUz0Txk\">Atributos clave:<\/h3>\n<table style=\"width: 100%; border-collapse: collapse; border: 1px solid black;\">\n<colgroup>\n<col style=\"width: 30%;\" \/>\n<col style=\"width: 70%;\" \/><\/colgroup>\n<tbody>\n<tr>\n<th style=\"border: 1px solid black; padding: 8px; text-align: left; background-color: #f7f7f7;\">Material<\/th>\n<th style=\"border: 1px solid black; padding: 8px; text-align: left;\">Tejido de lona<\/th>\n<\/tr>\n<tr>\n<td style=\"border: 1px solid black; padding: 8px; background-color: #f7f7f7;\">Nombre del producto<\/td>\n<td style=\"border: 1px solid black; padding: 8px;\">Bolsas de lona<\/td>\n<\/tr>\n<tr>\n<td style=\"border: 1px solid black; padding: 8px; background-color: #f7f7f7;\">MOQ<\/td>\n<td style=\"border: 1px solid black; padding: 8px;\">1000 unidades<\/td>\n<\/tr>\n<tr>\n<td style=\"border: 1px solid black; padding: 8px; background-color: #f7f7f7;\">Tipo de estampado<\/td>\n<td style=\"border: 1px solid black; padding: 8px;\">Estampados personalizados<\/td>\n<\/tr>\n<tr>\n<td style=\"border: 1px solid black; padding: 8px; background-color: #f7f7f7;\">Tama\u00f1o<\/td>\n<td style=\"border: 1px solid black; padding: 8px;\">Mediana (30-50 cm)<\/td>\n<\/tr>\n<tr>\n<td style=\"border: 1px solid black; padding: 8px; background-color: #f7f7f7;\">Logotipo<\/td>\n<td style=\"border: 1px solid black; padding: 8px;\">Aceptar logotipo personalizado<\/td>\n<\/tr>\n<tr>\n<td style=\"border: 1px solid black; padding: 8px; background-color: #f7f7f7;\">Impresi\u00f3n<\/td>\n<td style=\"border: 1px solid black; padding: 8px;\">Serigraf\u00eda, Transferencia t\u00e9rmica, Sublimaci\u00f3n, CMYK<\/td>\n<\/tr>\n<tr>\n<td style=\"border: 1px solid black; padding: 8px; background-color: #f7f7f7;\">Uso<\/td>\n<td style=\"border: 1px solid black; padding: 8px;\">bolsa promocional, bolsa de regalo, bolsa de la compra<\/td>\n<\/tr>\n<tr>\n<td style=\"border: 1px solid black; padding: 8px; background-color: #f7f7f7;\">Embalaje<\/td>\n<td style=\"border: 1px solid black; padding: 8px;\">100pcs\/ctn o seg\u00fan tu requisito<\/td>\n<\/tr>\n<tr>\n<td style=\"border: 1px solid black; padding: 8px; background-color: #f7f7f7;\">Puerto<\/td>\n<td style=\"border: 1px solid black; padding: 8px;\">Ningbo o Shanghai<\/td>\n<\/tr>\n<tr>\n<td style=\"border: 1px solid black; padding: 8px; background-color: #f7f7f7;\">Marca<\/td>\n<td style=\"border: 1px solid black; padding: 8px;\">Seemrich<\/td>\n<\/tr>\n<tr>\n<td style=\"border: 1px solid black; padding: 8px; background-color: #f7f7f7;\">Lugar de origen<\/td>\n<td style=\"border: 1px solid black; padding: 8px;\">Zhejiang, China<\/td>\n<\/tr>\n<tr>\n<td style=\"border: 1px solid black; padding: 8px; background-color: #f7f7f7;\">Capacidad de suministro<\/td>\n<td style=\"border: 1px solid black; padding: 8px;\">800000 Piezas\/Piezas al Mes<\/td>\n<\/tr>\n<\/tbody>\n<\/table>\n","protected":false},"excerpt":{"rendered":"<p>Mejora tu experiencia de compra con nuestras duraderas y elegantes bolsas de lona. Ecol\u00f3gicas, reutilizables y perfectas para el uso diario, estas bolsas son una opci\u00f3n sostenible para llevar tus cosas esenciales.<\/p>\n","protected":false},"featured_media":3412,"template":"","meta":{"_kadence_starter_templates_imported_post":false,"_kad_post_transparent":"default","_kad_post_title":"","_kad_post_layout":"default","_kad_post_sidebar_id":"","_kad_post_content_style":"default","_kad_post_vertical_padding":"default","_kad_post_feature":"","_kad_post_feature_position":"","_kad_post_header":false,"_kad_post_footer":false},"product_brand":[],"product_cat":[97],"product_tag":[],"class_list":{"0":"post-3979","1":"product","2":"type-product","3":"status-publish","4":"has-post-thumbnail","6":"product_cat-bolsa-de-lona","8":"first","9":"instock","10":"shipping-taxable","11":"product-type-simple","12":"entry","13":"content-bg","14":"loop-entry"},"yoast_head":"<!-- This site is optimized with the Yoast SEO plugin v27.4 - https:\/\/yoast.com\/product\/yoast-seo-wordpress\/ -->\n<title>Canvas Tote Bags | Bolsas reutilizables ecol\u00f3gicas, duraderas y con estilo<\/title>\n<meta name=\"description\" content=\"Descubre nuestras duraderas y elegantes bolsas de lona: ecol\u00f3gicas, reutilizables y perfectas para el uso diario. Compra ahora una soluci\u00f3n sostenible y moderna para llevarlo todo.\" \/>\n<meta name=\"robots\" content=\"index, follow, max-snippet:-1, max-image-preview:large, max-video-preview:-1\" \/>\n<link rel=\"canonical\" href=\"https:\/\/www.seemrich.com\/es\/producto\/bolsas-de-lona-bolsas-de-la-compra-reutilizables-duraderas-ecologicas-y-con-estilo\/\" \/>\n<meta property=\"og:locale\" content=\"es_ES\" \/>\n<meta property=\"og:type\" content=\"article\" \/>\n<meta property=\"og:title\" content=\"Canvas Tote Bags | Bolsas reutilizables ecol\u00f3gicas, duraderas y con estilo\" \/>\n<meta property=\"og:description\" content=\"Descubre nuestras duraderas y elegantes bolsas de lona: ecol\u00f3gicas, reutilizables y perfectas para el uso diario. Compra ahora una soluci\u00f3n sostenible y moderna para llevarlo todo.\" \/>\n<meta property=\"og:url\" content=\"https:\/\/www.seemrich.com\/es\/producto\/bolsas-de-lona-bolsas-de-la-compra-reutilizables-duraderas-ecologicas-y-con-estilo\/\" \/>\n<meta property=\"og:site_name\" content=\"Seemrich: Nonwoven Fabric &amp; Reusable Bags Manufacturer with Custom Printing\" \/>\n<meta property=\"article:publisher\" content=\"https:\/\/www.facebook.com\/bagsupplier86\" \/>\n<meta property=\"article:modified_time\" content=\"2025-10-16T08:10:30+00:00\" \/>\n<meta property=\"og:image\" content=\"https:\/\/www.seemrich.com\/wp-content\/uploads\/2025\/03\/250305.png\" \/>\n\t<meta property=\"og:image:width\" content=\"1000\" \/>\n\t<meta property=\"og:image:height\" content=\"1000\" \/>\n\t<meta property=\"og:image:type\" content=\"image\/png\" \/>\n<meta name=\"twitter:card\" content=\"summary_large_image\" \/>\n<meta name=\"twitter:label1\" content=\"Tiempo de lectura\" \/>\n\t<meta name=\"twitter:data1\" content=\"2 minutos\" \/>\n<script type=\"application\/ld+json\" class=\"yoast-schema-graph\">{\"@context\":\"https:\\\/\\\/schema.org\",\"@graph\":[{\"@type\":\"WebPage\",\"@id\":\"https:\\\/\\\/www.seemrich.com\\\/es\\\/producto\\\/bolsas-de-lona-bolsas-de-la-compra-reutilizables-duraderas-ecologicas-y-con-estilo\\\/\",\"url\":\"https:\\\/\\\/www.seemrich.com\\\/es\\\/producto\\\/bolsas-de-lona-bolsas-de-la-compra-reutilizables-duraderas-ecologicas-y-con-estilo\\\/\",\"name\":\"Canvas Tote Bags | Bolsas reutilizables ecol\u00f3gicas, duraderas y con estilo\",\"isPartOf\":{\"@id\":\"https:\\\/\\\/www.seemrich.com\\\/#website\"},\"primaryImageOfPage\":{\"@id\":\"https:\\\/\\\/www.seemrich.com\\\/es\\\/producto\\\/bolsas-de-lona-bolsas-de-la-compra-reutilizables-duraderas-ecologicas-y-con-estilo\\\/#primaryimage\"},\"image\":{\"@id\":\"https:\\\/\\\/www.seemrich.com\\\/es\\\/producto\\\/bolsas-de-lona-bolsas-de-la-compra-reutilizables-duraderas-ecologicas-y-con-estilo\\\/#primaryimage\"},\"thumbnailUrl\":\"https:\\\/\\\/www.seemrich.com\\\/wp-content\\\/uploads\\\/2025\\\/03\\\/250305.png\",\"datePublished\":\"2025-03-15T08:28:35+00:00\",\"dateModified\":\"2025-10-16T08:10:30+00:00\",\"description\":\"Descubre nuestras duraderas y elegantes bolsas de lona: ecol\u00f3gicas, reutilizables y perfectas para el uso diario. Compra ahora una soluci\u00f3n sostenible y moderna para llevarlo todo.\",\"breadcrumb\":{\"@id\":\"https:\\\/\\\/www.seemrich.com\\\/es\\\/producto\\\/bolsas-de-lona-bolsas-de-la-compra-reutilizables-duraderas-ecologicas-y-con-estilo\\\/#breadcrumb\"},\"inLanguage\":\"es\",\"potentialAction\":[{\"@type\":\"ReadAction\",\"target\":[\"https:\\\/\\\/www.seemrich.com\\\/es\\\/producto\\\/bolsas-de-lona-bolsas-de-la-compra-reutilizables-duraderas-ecologicas-y-con-estilo\\\/\"]}]},{\"@type\":\"ImageObject\",\"inLanguage\":\"es\",\"@id\":\"https:\\\/\\\/www.seemrich.com\\\/es\\\/producto\\\/bolsas-de-lona-bolsas-de-la-compra-reutilizables-duraderas-ecologicas-y-con-estilo\\\/#primaryimage\",\"url\":\"https:\\\/\\\/www.seemrich.com\\\/wp-content\\\/uploads\\\/2025\\\/03\\\/250305.png\",\"contentUrl\":\"https:\\\/\\\/www.seemrich.com\\\/wp-content\\\/uploads\\\/2025\\\/03\\\/250305.png\",\"width\":1000,\"height\":1000,\"caption\":\"canvans-tote-bag\"},{\"@type\":\"BreadcrumbList\",\"@id\":\"https:\\\/\\\/www.seemrich.com\\\/es\\\/producto\\\/bolsas-de-lona-bolsas-de-la-compra-reutilizables-duraderas-ecologicas-y-con-estilo\\\/#breadcrumb\",\"itemListElement\":[{\"@type\":\"ListItem\",\"position\":1,\"name\":\"\u9996\u9875\",\"item\":\"https:\\\/\\\/www.seemrich.com\\\/es\\\/inicio\\\/\"},{\"@type\":\"ListItem\",\"position\":2,\"name\":\"Producto\",\"item\":\"https:\\\/\\\/www.seemrich.com\\\/es\\\/producto\\\/\"},{\"@type\":\"ListItem\",\"position\":3,\"name\":\"Bolsas de lona &#8211; Bolsas de la compra reutilizables, duraderas, ecol\u00f3gicas y con estilo\"}]},{\"@type\":\"WebSite\",\"@id\":\"https:\\\/\\\/www.seemrich.com\\\/#website\",\"url\":\"https:\\\/\\\/www.seemrich.com\\\/\",\"name\":\"Seemrich: Nonwoven Fabric & Reusable Bags Manufacturer with Custom Printing\",\"description\":\"\",\"publisher\":{\"@id\":\"https:\\\/\\\/www.seemrich.com\\\/#organization\"},\"potentialAction\":[{\"@type\":\"SearchAction\",\"target\":{\"@type\":\"EntryPoint\",\"urlTemplate\":\"https:\\\/\\\/www.seemrich.com\\\/?s={search_term_string}\"},\"query-input\":{\"@type\":\"PropertyValueSpecification\",\"valueRequired\":true,\"valueName\":\"search_term_string\"}}],\"inLanguage\":\"es\"},{\"@type\":\"Organization\",\"@id\":\"https:\\\/\\\/www.seemrich.com\\\/#organization\",\"name\":\"Seemrich: Nonwoven Fabric & Reusable Bags Manufacturer with Custom Printing\",\"url\":\"https:\\\/\\\/www.seemrich.com\\\/\",\"logo\":{\"@type\":\"ImageObject\",\"inLanguage\":\"es\",\"@id\":\"https:\\\/\\\/www.seemrich.com\\\/#\\\/schema\\\/logo\\\/image\\\/\",\"url\":\"https:\\\/\\\/www.seemrich.com\\\/wp-content\\\/uploads\\\/2025\\\/03\\\/SeemRich-logo.jpg\",\"contentUrl\":\"https:\\\/\\\/www.seemrich.com\\\/wp-content\\\/uploads\\\/2025\\\/03\\\/SeemRich-logo.jpg\",\"width\":500,\"height\":100,\"caption\":\"Seemrich: Nonwoven Fabric & Reusable Bags Manufacturer with Custom Printing\"},\"image\":{\"@id\":\"https:\\\/\\\/www.seemrich.com\\\/#\\\/schema\\\/logo\\\/image\\\/\"},\"sameAs\":[\"https:\\\/\\\/www.facebook.com\\\/bagsupplier86\"]}]}<\/script>\n<!-- \/ Yoast SEO plugin. -->","yoast_head_json":{"title":"Canvas Tote Bags | Bolsas reutilizables ecol\u00f3gicas, duraderas y con estilo","description":"Descubre nuestras duraderas y elegantes bolsas de lona: ecol\u00f3gicas, reutilizables y perfectas para el uso diario. Compra ahora una soluci\u00f3n sostenible y moderna para llevarlo todo.","robots":{"index":"index","follow":"follow","max-snippet":"max-snippet:-1","max-image-preview":"max-image-preview:large","max-video-preview":"max-video-preview:-1"},"canonical":"https:\/\/www.seemrich.com\/es\/producto\/bolsas-de-lona-bolsas-de-la-compra-reutilizables-duraderas-ecologicas-y-con-estilo\/","og_locale":"es_ES","og_type":"article","og_title":"Canvas Tote Bags | Bolsas reutilizables ecol\u00f3gicas, duraderas y con estilo","og_description":"Descubre nuestras duraderas y elegantes bolsas de lona: ecol\u00f3gicas, reutilizables y perfectas para el uso diario. Compra ahora una soluci\u00f3n sostenible y moderna para llevarlo todo.","og_url":"https:\/\/www.seemrich.com\/es\/producto\/bolsas-de-lona-bolsas-de-la-compra-reutilizables-duraderas-ecologicas-y-con-estilo\/","og_site_name":"Seemrich: Nonwoven Fabric &amp; Reusable Bags Manufacturer with Custom Printing","article_publisher":"https:\/\/www.facebook.com\/bagsupplier86","article_modified_time":"2025-10-16T08:10:30+00:00","og_image":[{"width":1000,"height":1000,"url":"https:\/\/www.seemrich.com\/wp-content\/uploads\/2025\/03\/250305.png","type":"image\/png"}],"twitter_card":"summary_large_image","twitter_misc":{"Tiempo de lectura":"2 minutos"},"schema":{"@context":"https:\/\/schema.org","@graph":[{"@type":"WebPage","@id":"https:\/\/www.seemrich.com\/es\/producto\/bolsas-de-lona-bolsas-de-la-compra-reutilizables-duraderas-ecologicas-y-con-estilo\/","url":"https:\/\/www.seemrich.com\/es\/producto\/bolsas-de-lona-bolsas-de-la-compra-reutilizables-duraderas-ecologicas-y-con-estilo\/","name":"Canvas Tote Bags | Bolsas reutilizables ecol\u00f3gicas, duraderas y con estilo","isPartOf":{"@id":"https:\/\/www.seemrich.com\/#website"},"primaryImageOfPage":{"@id":"https:\/\/www.seemrich.com\/es\/producto\/bolsas-de-lona-bolsas-de-la-compra-reutilizables-duraderas-ecologicas-y-con-estilo\/#primaryimage"},"image":{"@id":"https:\/\/www.seemrich.com\/es\/producto\/bolsas-de-lona-bolsas-de-la-compra-reutilizables-duraderas-ecologicas-y-con-estilo\/#primaryimage"},"thumbnailUrl":"https:\/\/www.seemrich.com\/wp-content\/uploads\/2025\/03\/250305.png","datePublished":"2025-03-15T08:28:35+00:00","dateModified":"2025-10-16T08:10:30+00:00","description":"Descubre nuestras duraderas y elegantes bolsas de lona: ecol\u00f3gicas, reutilizables y perfectas para el uso diario. Compra ahora una soluci\u00f3n sostenible y moderna para llevarlo todo.","breadcrumb":{"@id":"https:\/\/www.seemrich.com\/es\/producto\/bolsas-de-lona-bolsas-de-la-compra-reutilizables-duraderas-ecologicas-y-con-estilo\/#breadcrumb"},"inLanguage":"es","potentialAction":[{"@type":"ReadAction","target":["https:\/\/www.seemrich.com\/es\/producto\/bolsas-de-lona-bolsas-de-la-compra-reutilizables-duraderas-ecologicas-y-con-estilo\/"]}]},{"@type":"ImageObject","inLanguage":"es","@id":"https:\/\/www.seemrich.com\/es\/producto\/bolsas-de-lona-bolsas-de-la-compra-reutilizables-duraderas-ecologicas-y-con-estilo\/#primaryimage","url":"https:\/\/www.seemrich.com\/wp-content\/uploads\/2025\/03\/250305.png","contentUrl":"https:\/\/www.seemrich.com\/wp-content\/uploads\/2025\/03\/250305.png","width":1000,"height":1000,"caption":"canvans-tote-bag"},{"@type":"BreadcrumbList","@id":"https:\/\/www.seemrich.com\/es\/producto\/bolsas-de-lona-bolsas-de-la-compra-reutilizables-duraderas-ecologicas-y-con-estilo\/#breadcrumb","itemListElement":[{"@type":"ListItem","position":1,"name":"\u9996\u9875","item":"https:\/\/www.seemrich.com\/es\/inicio\/"},{"@type":"ListItem","position":2,"name":"Producto","item":"https:\/\/www.seemrich.com\/es\/producto\/"},{"@type":"ListItem","position":3,"name":"Bolsas de lona &#8211; Bolsas de la compra reutilizables, duraderas, ecol\u00f3gicas y con estilo"}]},{"@type":"WebSite","@id":"https:\/\/www.seemrich.com\/#website","url":"https:\/\/www.seemrich.com\/","name":"Seemrich: Nonwoven Fabric & Reusable Bags Manufacturer with Custom Printing","description":"","publisher":{"@id":"https:\/\/www.seemrich.com\/#organization"},"potentialAction":[{"@type":"SearchAction","target":{"@type":"EntryPoint","urlTemplate":"https:\/\/www.seemrich.com\/?s={search_term_string}"},"query-input":{"@type":"PropertyValueSpecification","valueRequired":true,"valueName":"search_term_string"}}],"inLanguage":"es"},{"@type":"Organization","@id":"https:\/\/www.seemrich.com\/#organization","name":"Seemrich: Nonwoven Fabric & Reusable Bags Manufacturer with Custom Printing","url":"https:\/\/www.seemrich.com\/","logo":{"@type":"ImageObject","inLanguage":"es","@id":"https:\/\/www.seemrich.com\/#\/schema\/logo\/image\/","url":"https:\/\/www.seemrich.com\/wp-content\/uploads\/2025\/03\/SeemRich-logo.jpg","contentUrl":"https:\/\/www.seemrich.com\/wp-content\/uploads\/2025\/03\/SeemRich-logo.jpg","width":500,"height":100,"caption":"Seemrich: Nonwoven Fabric & Reusable Bags Manufacturer with Custom Printing"},"image":{"@id":"https:\/\/www.seemrich.com\/#\/schema\/logo\/image\/"},"sameAs":["https:\/\/www.facebook.com\/bagsupplier86"]}]}},"_links":{"self":[{"href":"https:\/\/www.seemrich.com\/es\/wp-json\/wp\/v2\/product\/3979","targetHints":{"allow":["GET"]}}],"collection":[{"href":"https:\/\/www.seemrich.com\/es\/wp-json\/wp\/v2\/product"}],"about":[{"href":"https:\/\/www.seemrich.com\/es\/wp-json\/wp\/v2\/types\/product"}],"wp:featuredmedia":[{"embeddable":true,"href":"https:\/\/www.seemrich.com\/es\/wp-json\/wp\/v2\/media\/3412"}],"wp:attachment":[{"href":"https:\/\/www.seemrich.com\/es\/wp-json\/wp\/v2\/media?parent=3979"}],"wp:term":[{"taxonomy":"product_brand","embeddable":true,"href":"https:\/\/www.seemrich.com\/es\/wp-json\/wp\/v2\/product_brand?post=3979"},{"taxonomy":"product_cat","embeddable":true,"href":"https:\/\/www.seemrich.com\/es\/wp-json\/wp\/v2\/product_cat?post=3979"},{"taxonomy":"product_tag","embeddable":true,"href":"https:\/\/www.seemrich.com\/es\/wp-json\/wp\/v2\/product_tag?post=3979"}],"curies":[{"name":"wp","href":"https:\/\/api.w.org\/{rel}","templated":true}]}}