{"id":4002,"date":"2025-03-29T10:26:44","date_gmt":"2025-03-29T02:26:44","guid":{"rendered":"https:\/\/www.seemrich.com\/product\/bolsa-isotermica-kfc-bolsa-termica-premium-para-comida-caliente-y-fria\/"},"modified":"2025-10-16T15:32:04","modified_gmt":"2025-10-16T07:32:04","slug":"bolsa-isotermica-kfc-bolsa-termica-premium-para-comida-caliente-y-fria","status":"publish","type":"product","link":"https:\/\/www.seemrich.com\/es\/producto\/bolsa-isotermica-kfc-bolsa-termica-premium-para-comida-caliente-y-fria\/","title":{"rendered":"Bolsa isot\u00e9rmica KFC &#8211; Bolsa t\u00e9rmica premium para comida caliente y fr\u00eda"},"content":{"rendered":"<p>La <strong>Bolsa isot\u00e9rmica KFC<\/strong> es una bolsa t\u00e9rmica de reparto de alta calidad dise\u00f1ada para mantener la comida caliente o fr\u00eda durante horas. Tanto si diriges un restaurante, un negocio de catering o un servicio de reparto de comida, esta bolsa garantiza que tus comidas se mantengan frescas y a la temperatura adecuada durante el transporte.<\/p>\n<p><strong>Caracter\u00edsticas principales:<\/strong><br \/>\n1. <strong>Aislamiento de primera calidad<\/strong> &#8211; El grueso forro t\u00e9rmico mantiene la temperatura \u00f3ptima de los alimentos fr\u00edos y calientes.<br \/>\n2. <strong>Duradero y a prueba de fugas<\/strong> &#8211; Fabricado con materiales robustos y resistentes al agua para evitar derrames.<br \/>\n3. <strong>F\u00e1cil de limpiar<\/strong> &#8211; El interior lavable garantiza un mantenimiento sin complicaciones.<br \/>\n4. <strong>Ligero y port\u00e1til<\/strong> &#8211; C\u00f3modas asas y dise\u00f1o compacto para facilitar su transporte.<br \/>\n5. <strong>Uso vers\u00e1til<\/strong> &#8211; Perfecto para pollo frito, pizza, bebidas y mucho m\u00e1s.<\/p>\n<p>Ideal para <strong>franquicias de<a href=\"https:\/\/www.seemrich.com\/kfc-food-insulated-bags\/\" target=\"_blank\" rel=\"noopener\">KFC<\/a>, vendedores de comida y repartidores<\/strong>, esta bolsa isot\u00e9rmica mejora la seguridad de los alimentos y la satisfacci\u00f3n del cliente. \u00a1Pide la tuya hoy y agiliza tu <a href=\"https:\/\/youtu.be\/aZgqy79ryRI?si=BH5jlz_8ZhF_ofID\" target=\"_blank\" rel=\"noopener\">proceso de reparto de comida<\/a>!<\/p>\n<p>Como fabricante l\u00edder de soluciones aislantes de primera calidad para el reparto de alimentos, Zhejiang Xinrui New Materials ofrece ventajas inigualables para tu negocio.<\/p>\n<h3 class=\"att-title\" data-spm-anchor-id=\"a2700.details.0.i82.446b308bUz0Txk\">Atributos clave:<\/h3>\n<table style=\"width: 100%; border-collapse: collapse; border: 1px solid black;\">\n<colgroup>\n<col style=\"width: 30%;\" \/>\n<col style=\"width: 70%;\" \/><\/colgroup>\n<tbody>\n<tr>\n<th style=\"border: 1px solid black; padding: 8px; text-align: left; background-color: #f7f7f7;\">Material<\/th>\n<th style=\"border: 1px solid black; padding: 8px; text-align: left;\">Tela no tejida<\/th>\n<\/tr>\n<tr>\n<td style=\"border: 1px solid black; padding: 8px; background-color: #f7f7f7;\">Nombre del producto<\/td>\n<td style=\"border: 1px solid black; padding: 8px;\">Bolsa isot\u00e9rmica KFC<\/td>\n<\/tr>\n<tr>\n<td style=\"border: 1px solid black; padding: 8px; background-color: #f7f7f7;\">MOQ<\/td>\n<td style=\"border: 1px solid black; padding: 8px;\">5000 unidades<\/td>\n<\/tr>\n<tr>\n<td style=\"border: 1px solid black; padding: 8px; background-color: #f7f7f7;\">Tipo de estampado<\/td>\n<td style=\"border: 1px solid black; padding: 8px;\">Estampados personalizados<\/td>\n<\/tr>\n<tr>\n<td style=\"border: 1px solid black; padding: 8px; background-color: #f7f7f7;\">Tama\u00f1o<\/td>\n<td style=\"border: 1px solid black; padding: 8px;\">Mediana (30-50 cm)<\/td>\n<\/tr>\n<tr>\n<td style=\"border: 1px solid black; padding: 8px; background-color: #f7f7f7;\">Logotipo<\/td>\n<td style=\"border: 1px solid black; padding: 8px;\">Aceptar logotipo personalizado<\/td>\n<\/tr>\n<tr>\n<td style=\"border: 1px solid black; padding: 8px; background-color: #f7f7f7;\">Impresi\u00f3n<\/td>\n<td style=\"border: 1px solid black; padding: 8px;\">Serigraf\u00eda, Transferencia t\u00e9rmica, Sublimaci\u00f3n, CMYK<\/td>\n<\/tr>\n<tr>\n<td style=\"border: 1px solid black; padding: 8px; background-color: #f7f7f7;\">Uso<\/td>\n<td style=\"border: 1px solid black; padding: 8px;\">Bolsa promocional, Regalos,Entrega<\/td>\n<\/tr>\n<tr>\n<td style=\"border: 1px solid black; padding: 8px; background-color: #f7f7f7;\">Embalaje<\/td>\n<td style=\"border: 1px solid black; padding: 8px;\">200 ud\/ctn o seg\u00fan tus necesidades<\/td>\n<\/tr>\n<tr>\n<td style=\"border: 1px solid black; padding: 8px; background-color: #f7f7f7;\">Puerto<\/td>\n<td style=\"border: 1px solid black; padding: 8px;\">Ningbo o Shanghai<\/td>\n<\/tr>\n<tr>\n<td style=\"border: 1px solid black; padding: 8px; background-color: #f7f7f7;\">Marca<\/td>\n<td style=\"border: 1px solid black; padding: 8px;\">Seemrich<\/td>\n<\/tr>\n<tr>\n<td style=\"border: 1px solid black; padding: 8px; background-color: #f7f7f7;\">Lugar de origen<\/td>\n<td style=\"border: 1px solid black; padding: 8px;\">Zhejiang, China<\/td>\n<\/tr>\n<tr>\n<td style=\"border: 1px solid black; padding: 8px; background-color: #f7f7f7;\">Capacidad de suministro<\/td>\n<td style=\"border: 1px solid black; padding: 8px;\">800000 Piezas\/Piezas al Mes<\/td>\n<\/tr>\n<\/tbody>\n<\/table>\n","protected":false},"excerpt":{"rendered":"<p>La <strong>bolsa isot\u00e9rmica<\/strong> profesional <strong>KFC<\/strong> mantiene la comida a la temperatura perfecta durante horas. Aislamiento de calidad comercial, dise\u00f1o a prueba de fugas y f\u00e1cil limpieza. Ideal para restaurantes, empresas de catering y servicios de reparto.<\/p>\n","protected":false},"featured_media":3490,"template":"","meta":{"_kadence_starter_templates_imported_post":false,"_kad_post_transparent":"default","_kad_post_title":"","_kad_post_layout":"default","_kad_post_sidebar_id":"","_kad_post_content_style":"default","_kad_post_vertical_padding":"default","_kad_post_feature":"","_kad_post_feature_position":"","_kad_post_header":false,"_kad_post_footer":false},"product_brand":[],"product_cat":[99],"product_tag":[116,117],"class_list":{"0":"post-4002","1":"product","2":"type-product","3":"status-publish","4":"has-post-thumbnail","6":"product_cat-bolsas-isotermicas","7":"product_tag-bolsa-aislante","8":"product_tag-bolsas-termicas","10":"first","11":"instock","12":"shipping-taxable","13":"product-type-simple","14":"entry","15":"content-bg","16":"loop-entry"},"yoast_head":"<!-- This site is optimized with the Yoast SEO plugin v27.4 - https:\/\/yoast.com\/product\/yoast-seo-wordpress\/ -->\n<title>Bolsa isot\u00e9rmica KFC - Bolsa t\u00e9rmica de reparto para restaurantes<\/title>\n<meta name=\"description\" content=\"Mant\u00e9n la comida fresca con la Bolsa isot\u00e9rmica KFC: una bolsa t\u00e9rmica duradera y a prueba de fugas para restaurantes y catering. \u00a1Mantiene la temperatura caliente\/fr\u00eda de forma eficaz!\" \/>\n<meta name=\"robots\" content=\"index, follow, max-snippet:-1, max-image-preview:large, max-video-preview:-1\" \/>\n<link rel=\"canonical\" href=\"https:\/\/www.seemrich.com\/es\/producto\/bolsa-isotermica-kfc-bolsa-termica-premium-para-comida-caliente-y-fria\/\" \/>\n<meta property=\"og:locale\" content=\"es_ES\" \/>\n<meta property=\"og:type\" content=\"article\" \/>\n<meta property=\"og:title\" content=\"Bolsa isot\u00e9rmica KFC - Bolsa t\u00e9rmica de reparto para restaurantes\" \/>\n<meta property=\"og:description\" content=\"Mant\u00e9n la comida fresca con la Bolsa isot\u00e9rmica KFC: una bolsa t\u00e9rmica duradera y a prueba de fugas para restaurantes y catering. \u00a1Mantiene la temperatura caliente\/fr\u00eda de forma eficaz!\" \/>\n<meta property=\"og:url\" content=\"https:\/\/www.seemrich.com\/es\/producto\/bolsa-isotermica-kfc-bolsa-termica-premium-para-comida-caliente-y-fria\/\" \/>\n<meta property=\"og:site_name\" content=\"Seemrich: Nonwoven Fabric &amp; Reusable Bags Manufacturer with Custom Printing\" \/>\n<meta property=\"article:publisher\" content=\"https:\/\/www.facebook.com\/bagsupplier86\" \/>\n<meta property=\"article:modified_time\" content=\"2025-10-16T07:32:04+00:00\" \/>\n<meta property=\"og:image\" content=\"https:\/\/www.seemrich.com\/wp-content\/uploads\/2025\/03\/IB1168.jpg\" \/>\n\t<meta property=\"og:image:width\" content=\"750\" \/>\n\t<meta property=\"og:image:height\" content=\"750\" \/>\n\t<meta property=\"og:image:type\" content=\"image\/jpeg\" \/>\n<meta name=\"twitter:card\" content=\"summary_large_image\" \/>\n<meta name=\"twitter:label1\" content=\"Tiempo de lectura\" \/>\n\t<meta name=\"twitter:data1\" content=\"2 minutos\" \/>\n<script type=\"application\/ld+json\" class=\"yoast-schema-graph\">{\"@context\":\"https:\\\/\\\/schema.org\",\"@graph\":[{\"@type\":\"WebPage\",\"@id\":\"https:\\\/\\\/www.seemrich.com\\\/es\\\/producto\\\/bolsa-isotermica-kfc-bolsa-termica-premium-para-comida-caliente-y-fria\\\/\",\"url\":\"https:\\\/\\\/www.seemrich.com\\\/es\\\/producto\\\/bolsa-isotermica-kfc-bolsa-termica-premium-para-comida-caliente-y-fria\\\/\",\"name\":\"Bolsa isot\u00e9rmica KFC - Bolsa t\u00e9rmica de reparto para restaurantes\",\"isPartOf\":{\"@id\":\"https:\\\/\\\/www.seemrich.com\\\/#website\"},\"primaryImageOfPage\":{\"@id\":\"https:\\\/\\\/www.seemrich.com\\\/es\\\/producto\\\/bolsa-isotermica-kfc-bolsa-termica-premium-para-comida-caliente-y-fria\\\/#primaryimage\"},\"image\":{\"@id\":\"https:\\\/\\\/www.seemrich.com\\\/es\\\/producto\\\/bolsa-isotermica-kfc-bolsa-termica-premium-para-comida-caliente-y-fria\\\/#primaryimage\"},\"thumbnailUrl\":\"https:\\\/\\\/www.seemrich.com\\\/wp-content\\\/uploads\\\/2025\\\/03\\\/IB1168.jpg\",\"datePublished\":\"2025-03-29T02:26:44+00:00\",\"dateModified\":\"2025-10-16T07:32:04+00:00\",\"description\":\"Mant\u00e9n la comida fresca con la Bolsa isot\u00e9rmica KFC: una bolsa t\u00e9rmica duradera y a prueba de fugas para restaurantes y catering. \u00a1Mantiene la temperatura caliente\\\/fr\u00eda de forma eficaz!\",\"breadcrumb\":{\"@id\":\"https:\\\/\\\/www.seemrich.com\\\/es\\\/producto\\\/bolsa-isotermica-kfc-bolsa-termica-premium-para-comida-caliente-y-fria\\\/#breadcrumb\"},\"inLanguage\":\"es\",\"potentialAction\":[{\"@type\":\"ReadAction\",\"target\":[\"https:\\\/\\\/www.seemrich.com\\\/es\\\/producto\\\/bolsa-isotermica-kfc-bolsa-termica-premium-para-comida-caliente-y-fria\\\/\"]}]},{\"@type\":\"ImageObject\",\"inLanguage\":\"es\",\"@id\":\"https:\\\/\\\/www.seemrich.com\\\/es\\\/producto\\\/bolsa-isotermica-kfc-bolsa-termica-premium-para-comida-caliente-y-fria\\\/#primaryimage\",\"url\":\"https:\\\/\\\/www.seemrich.com\\\/wp-content\\\/uploads\\\/2025\\\/03\\\/IB1168.jpg\",\"contentUrl\":\"https:\\\/\\\/www.seemrich.com\\\/wp-content\\\/uploads\\\/2025\\\/03\\\/IB1168.jpg\",\"width\":750,\"height\":750,\"caption\":\"Bolsas isot\u00e9rmicas KFC\"},{\"@type\":\"BreadcrumbList\",\"@id\":\"https:\\\/\\\/www.seemrich.com\\\/es\\\/producto\\\/bolsa-isotermica-kfc-bolsa-termica-premium-para-comida-caliente-y-fria\\\/#breadcrumb\",\"itemListElement\":[{\"@type\":\"ListItem\",\"position\":1,\"name\":\"\u9996\u9875\",\"item\":\"https:\\\/\\\/www.seemrich.com\\\/es\\\/inicio\\\/\"},{\"@type\":\"ListItem\",\"position\":2,\"name\":\"Producto\",\"item\":\"https:\\\/\\\/www.seemrich.com\\\/es\\\/producto\\\/\"},{\"@type\":\"ListItem\",\"position\":3,\"name\":\"Bolsa isot\u00e9rmica KFC &#8211; Bolsa t\u00e9rmica premium para comida caliente y fr\u00eda\"}]},{\"@type\":\"WebSite\",\"@id\":\"https:\\\/\\\/www.seemrich.com\\\/#website\",\"url\":\"https:\\\/\\\/www.seemrich.com\\\/\",\"name\":\"Seemrich: Nonwoven Fabric & Reusable Bags Manufacturer with Custom Printing\",\"description\":\"\",\"publisher\":{\"@id\":\"https:\\\/\\\/www.seemrich.com\\\/#organization\"},\"potentialAction\":[{\"@type\":\"SearchAction\",\"target\":{\"@type\":\"EntryPoint\",\"urlTemplate\":\"https:\\\/\\\/www.seemrich.com\\\/?s={search_term_string}\"},\"query-input\":{\"@type\":\"PropertyValueSpecification\",\"valueRequired\":true,\"valueName\":\"search_term_string\"}}],\"inLanguage\":\"es\"},{\"@type\":\"Organization\",\"@id\":\"https:\\\/\\\/www.seemrich.com\\\/#organization\",\"name\":\"Seemrich: Nonwoven Fabric & Reusable Bags Manufacturer with Custom Printing\",\"url\":\"https:\\\/\\\/www.seemrich.com\\\/\",\"logo\":{\"@type\":\"ImageObject\",\"inLanguage\":\"es\",\"@id\":\"https:\\\/\\\/www.seemrich.com\\\/#\\\/schema\\\/logo\\\/image\\\/\",\"url\":\"https:\\\/\\\/www.seemrich.com\\\/wp-content\\\/uploads\\\/2025\\\/03\\\/SeemRich-logo.jpg\",\"contentUrl\":\"https:\\\/\\\/www.seemrich.com\\\/wp-content\\\/uploads\\\/2025\\\/03\\\/SeemRich-logo.jpg\",\"width\":500,\"height\":100,\"caption\":\"Seemrich: Nonwoven Fabric & Reusable Bags Manufacturer with Custom Printing\"},\"image\":{\"@id\":\"https:\\\/\\\/www.seemrich.com\\\/#\\\/schema\\\/logo\\\/image\\\/\"},\"sameAs\":[\"https:\\\/\\\/www.facebook.com\\\/bagsupplier86\"]}]}<\/script>\n<!-- \/ Yoast SEO plugin. -->","yoast_head_json":{"title":"Bolsa isot\u00e9rmica KFC - Bolsa t\u00e9rmica de reparto para restaurantes","description":"Mant\u00e9n la comida fresca con la Bolsa isot\u00e9rmica KFC: una bolsa t\u00e9rmica duradera y a prueba de fugas para restaurantes y catering. \u00a1Mantiene la temperatura caliente\/fr\u00eda de forma eficaz!","robots":{"index":"index","follow":"follow","max-snippet":"max-snippet:-1","max-image-preview":"max-image-preview:large","max-video-preview":"max-video-preview:-1"},"canonical":"https:\/\/www.seemrich.com\/es\/producto\/bolsa-isotermica-kfc-bolsa-termica-premium-para-comida-caliente-y-fria\/","og_locale":"es_ES","og_type":"article","og_title":"Bolsa isot\u00e9rmica KFC - Bolsa t\u00e9rmica de reparto para restaurantes","og_description":"Mant\u00e9n la comida fresca con la Bolsa isot\u00e9rmica KFC: una bolsa t\u00e9rmica duradera y a prueba de fugas para restaurantes y catering. \u00a1Mantiene la temperatura caliente\/fr\u00eda de forma eficaz!","og_url":"https:\/\/www.seemrich.com\/es\/producto\/bolsa-isotermica-kfc-bolsa-termica-premium-para-comida-caliente-y-fria\/","og_site_name":"Seemrich: Nonwoven Fabric &amp; Reusable Bags Manufacturer with Custom Printing","article_publisher":"https:\/\/www.facebook.com\/bagsupplier86","article_modified_time":"2025-10-16T07:32:04+00:00","og_image":[{"width":750,"height":750,"url":"https:\/\/www.seemrich.com\/wp-content\/uploads\/2025\/03\/IB1168.jpg","type":"image\/jpeg"}],"twitter_card":"summary_large_image","twitter_misc":{"Tiempo de lectura":"2 minutos"},"schema":{"@context":"https:\/\/schema.org","@graph":[{"@type":"WebPage","@id":"https:\/\/www.seemrich.com\/es\/producto\/bolsa-isotermica-kfc-bolsa-termica-premium-para-comida-caliente-y-fria\/","url":"https:\/\/www.seemrich.com\/es\/producto\/bolsa-isotermica-kfc-bolsa-termica-premium-para-comida-caliente-y-fria\/","name":"Bolsa isot\u00e9rmica KFC - Bolsa t\u00e9rmica de reparto para restaurantes","isPartOf":{"@id":"https:\/\/www.seemrich.com\/#website"},"primaryImageOfPage":{"@id":"https:\/\/www.seemrich.com\/es\/producto\/bolsa-isotermica-kfc-bolsa-termica-premium-para-comida-caliente-y-fria\/#primaryimage"},"image":{"@id":"https:\/\/www.seemrich.com\/es\/producto\/bolsa-isotermica-kfc-bolsa-termica-premium-para-comida-caliente-y-fria\/#primaryimage"},"thumbnailUrl":"https:\/\/www.seemrich.com\/wp-content\/uploads\/2025\/03\/IB1168.jpg","datePublished":"2025-03-29T02:26:44+00:00","dateModified":"2025-10-16T07:32:04+00:00","description":"Mant\u00e9n la comida fresca con la Bolsa isot\u00e9rmica KFC: una bolsa t\u00e9rmica duradera y a prueba de fugas para restaurantes y catering. \u00a1Mantiene la temperatura caliente\/fr\u00eda de forma eficaz!","breadcrumb":{"@id":"https:\/\/www.seemrich.com\/es\/producto\/bolsa-isotermica-kfc-bolsa-termica-premium-para-comida-caliente-y-fria\/#breadcrumb"},"inLanguage":"es","potentialAction":[{"@type":"ReadAction","target":["https:\/\/www.seemrich.com\/es\/producto\/bolsa-isotermica-kfc-bolsa-termica-premium-para-comida-caliente-y-fria\/"]}]},{"@type":"ImageObject","inLanguage":"es","@id":"https:\/\/www.seemrich.com\/es\/producto\/bolsa-isotermica-kfc-bolsa-termica-premium-para-comida-caliente-y-fria\/#primaryimage","url":"https:\/\/www.seemrich.com\/wp-content\/uploads\/2025\/03\/IB1168.jpg","contentUrl":"https:\/\/www.seemrich.com\/wp-content\/uploads\/2025\/03\/IB1168.jpg","width":750,"height":750,"caption":"Bolsas isot\u00e9rmicas KFC"},{"@type":"BreadcrumbList","@id":"https:\/\/www.seemrich.com\/es\/producto\/bolsa-isotermica-kfc-bolsa-termica-premium-para-comida-caliente-y-fria\/#breadcrumb","itemListElement":[{"@type":"ListItem","position":1,"name":"\u9996\u9875","item":"https:\/\/www.seemrich.com\/es\/inicio\/"},{"@type":"ListItem","position":2,"name":"Producto","item":"https:\/\/www.seemrich.com\/es\/producto\/"},{"@type":"ListItem","position":3,"name":"Bolsa isot\u00e9rmica KFC &#8211; Bolsa t\u00e9rmica premium para comida caliente y fr\u00eda"}]},{"@type":"WebSite","@id":"https:\/\/www.seemrich.com\/#website","url":"https:\/\/www.seemrich.com\/","name":"Seemrich: Nonwoven Fabric & Reusable Bags Manufacturer with Custom Printing","description":"","publisher":{"@id":"https:\/\/www.seemrich.com\/#organization"},"potentialAction":[{"@type":"SearchAction","target":{"@type":"EntryPoint","urlTemplate":"https:\/\/www.seemrich.com\/?s={search_term_string}"},"query-input":{"@type":"PropertyValueSpecification","valueRequired":true,"valueName":"search_term_string"}}],"inLanguage":"es"},{"@type":"Organization","@id":"https:\/\/www.seemrich.com\/#organization","name":"Seemrich: Nonwoven Fabric & Reusable Bags Manufacturer with Custom Printing","url":"https:\/\/www.seemrich.com\/","logo":{"@type":"ImageObject","inLanguage":"es","@id":"https:\/\/www.seemrich.com\/#\/schema\/logo\/image\/","url":"https:\/\/www.seemrich.com\/wp-content\/uploads\/2025\/03\/SeemRich-logo.jpg","contentUrl":"https:\/\/www.seemrich.com\/wp-content\/uploads\/2025\/03\/SeemRich-logo.jpg","width":500,"height":100,"caption":"Seemrich: Nonwoven Fabric & Reusable Bags Manufacturer with Custom Printing"},"image":{"@id":"https:\/\/www.seemrich.com\/#\/schema\/logo\/image\/"},"sameAs":["https:\/\/www.facebook.com\/bagsupplier86"]}]}},"_links":{"self":[{"href":"https:\/\/www.seemrich.com\/es\/wp-json\/wp\/v2\/product\/4002","targetHints":{"allow":["GET"]}}],"collection":[{"href":"https:\/\/www.seemrich.com\/es\/wp-json\/wp\/v2\/product"}],"about":[{"href":"https:\/\/www.seemrich.com\/es\/wp-json\/wp\/v2\/types\/product"}],"wp:featuredmedia":[{"embeddable":true,"href":"https:\/\/www.seemrich.com\/es\/wp-json\/wp\/v2\/media\/3490"}],"wp:attachment":[{"href":"https:\/\/www.seemrich.com\/es\/wp-json\/wp\/v2\/media?parent=4002"}],"wp:term":[{"taxonomy":"product_brand","embeddable":true,"href":"https:\/\/www.seemrich.com\/es\/wp-json\/wp\/v2\/product_brand?post=4002"},{"taxonomy":"product_cat","embeddable":true,"href":"https:\/\/www.seemrich.com\/es\/wp-json\/wp\/v2\/product_cat?post=4002"},{"taxonomy":"product_tag","embeddable":true,"href":"https:\/\/www.seemrich.com\/es\/wp-json\/wp\/v2\/product_tag?post=4002"}],"curies":[{"name":"wp","href":"https:\/\/api.w.org\/{rel}","templated":true}]}}